{"id":103550,"date":"2024-08-21T13:09:09","date_gmt":"2024-08-21T11:09:09","guid":{"rendered":"https:\/\/floorremake.pl\/?page_id=103550"},"modified":"2024-08-25T13:15:03","modified_gmt":"2024-08-25T11:15:03","slug":"posadzki-winylowe","status":"publish","type":"page","link":"https:\/\/floorremake.pl\/index.php\/posadzki-winylowe\/","title":{"rendered":"Posadzki Winylowe \u2013 Nowoczesne rozwi\u0105zanie dla ka\u017cdego wn\u0119trza"},"content":{"rendered":"\t\t<div data-elementor-type=\"wp-page\" data-elementor-id=\"103550\" class=\"elementor elementor-103550\" data-elementor-post-type=\"page\">\n\t\t\t\t\t\t<section class=\"elementor-section elementor-top-section elementor-element elementor-element-95e0847 elementor-section-full_width elementor-section-height-default elementor-section-height-default\" data-id=\"95e0847\" data-element_type=\"section\" data-e-type=\"section\">\n\t\t\t\t\t\t<div class=\"elementor-container elementor-column-gap-default\">\n\t\t\t\t\t<div class=\"elementor-column elementor-col-100 elementor-top-column elementor-element elementor-element-faa31bf\" data-id=\"faa31bf\" data-element_type=\"column\" data-e-type=\"column\" data-settings=\"{&quot;background_background&quot;:&quot;slideshow&quot;,&quot;background_slideshow_gallery&quot;:[{&quot;id&quot;:103558,&quot;url&quot;:&quot;http:\\\/\\\/floorremake.pl\\\/wp-content\\\/uploads\\\/2024\\\/08\\\/Posadzki-Winylowe-9.jpg&quot;},{&quot;id&quot;:103559,&quot;url&quot;:&quot;http:\\\/\\\/floorremake.pl\\\/wp-content\\\/uploads\\\/2024\\\/08\\\/Posadzki-Winylowe-\\u2013-Nowoczesne-rozwiazanie-dla-kazdego-wnetrza.jpg&quot;},{&quot;id&quot;:103560,&quot;url&quot;:&quot;http:\\\/\\\/floorremake.pl\\\/wp-content\\\/uploads\\\/2024\\\/08\\\/Posadzki-Winylowe-3.jpg&quot;},{&quot;id&quot;:103561,&quot;url&quot;:&quot;http:\\\/\\\/floorremake.pl\\\/wp-content\\\/uploads\\\/2024\\\/08\\\/Posadzki-Winylowe-4.jpg&quot;},{&quot;id&quot;:103562,&quot;url&quot;:&quot;http:\\\/\\\/floorremake.pl\\\/wp-content\\\/uploads\\\/2024\\\/08\\\/Posadzki-Winylowe-6.jpg&quot;}],&quot;background_slideshow_slide_duration&quot;:1000,&quot;background_slideshow_loop&quot;:&quot;yes&quot;,&quot;background_slideshow_slide_transition&quot;:&quot;fade&quot;,&quot;background_slideshow_transition_duration&quot;:500}\">\n\t\t\t<div class=\"elementor-widget-wrap elementor-element-populated\">\n\t\t\t\t\t\t<div class=\"elementor-element elementor-element-4b87317 elementor-widget elementor-widget-spacer\" data-id=\"4b87317\" data-element_type=\"widget\" data-e-type=\"widget\" data-widget_type=\"spacer.default\">\n\t\t\t\t<div class=\"elementor-widget-container\">\n\t\t\t\t\t\t\t<div class=\"elementor-spacer\">\n\t\t\t<div class=\"elementor-spacer-inner\"><\/div>\n\t\t<\/div>\n\t\t\t\t\t\t<\/div>\n\t\t\t\t<\/div>\n\t\t\t\t\t<\/div>\n\t\t<\/div>\n\t\t\t\t\t<\/div>\n\t\t<\/section>\n\t\t\t\t<section class=\"elementor-section elementor-top-section elementor-element elementor-element-dc0256e elementor-section-boxed elementor-section-height-default elementor-section-height-default\" data-id=\"dc0256e\" data-element_type=\"section\" data-e-type=\"section\">\n\t\t\t\t\t\t<div class=\"elementor-container elementor-column-gap-default\">\n\t\t\t\t\t<div class=\"elementor-column elementor-col-100 elementor-top-column elementor-element elementor-element-5996057\" data-id=\"5996057\" data-element_type=\"column\" data-e-type=\"column\">\n\t\t\t<div class=\"elementor-widget-wrap elementor-element-populated\">\n\t\t\t\t\t\t<div class=\"elementor-element elementor-element-c050db0 elementor-widget elementor-widget-heading\" data-id=\"c050db0\" data-element_type=\"widget\" data-e-type=\"widget\" data-widget_type=\"heading.default\">\n\t\t\t\t<div class=\"elementor-widget-container\">\n\t\t\t\t\t<h2 class=\"elementor-heading-title elementor-size-default\">Posadzki Winylowe \u2013 Nowoczesne rozwi\u0105zanie dla&nbsp;ka\u017cdego wn\u0119trza<\/h2>\t\t\t\t<\/div>\n\t\t\t\t<\/div>\n\t\t\t\t\t<\/div>\n\t\t<\/div>\n\t\t\t\t\t<\/div>\n\t\t<\/section>\n\t\t\t\t<section class=\"elementor-section elementor-top-section elementor-element elementor-element-cc4e3ba elementor-section-content-middle elementor-section-boxed elementor-section-height-default elementor-section-height-default\" data-id=\"cc4e3ba\" data-element_type=\"section\" data-e-type=\"section\">\n\t\t\t\t\t\t<div class=\"elementor-container elementor-column-gap-default\">\n\t\t\t\t\t<div class=\"elementor-column elementor-col-50 elementor-top-column elementor-element elementor-element-062e22f\" data-id=\"062e22f\" data-element_type=\"column\" data-e-type=\"column\">\n\t\t\t<div class=\"elementor-widget-wrap elementor-element-populated\">\n\t\t\t\t\t\t<div class=\"elementor-element elementor-element-78d879b elementor-widget elementor-widget-text-editor\" data-id=\"78d879b\" data-element_type=\"widget\" data-e-type=\"widget\" data-widget_type=\"text-editor.default\">\n\t\t\t\t<div class=\"elementor-widget-container\">\n\t\t\t\t\t\t\t\t\t<p>&nbsp; &nbsp; &nbsp;Posadzki winylowe to idealna opcja dla&nbsp;tych, kt\u00f3rzy ceni\u0105 sobie <span style=\"color: #008000;\"><strong>trwa\u0142o\u015b\u0107<\/strong>, <strong>estetyk\u0119<\/strong><\/span> oraz&nbsp;<span style=\"color: #008000;\"><strong>\u0142atwo\u015b\u0107 w&nbsp;utrzymaniu<\/strong><\/span>. Wykonane s\u0105 z&nbsp;wysokiej jako\u015bci winylu, kt\u00f3ry zapewnia wyj\u0105tkow\u0105 <span style=\"color: #008000;\"><strong>odporno\u015b\u0107 na&nbsp;\u015bcieranie<\/strong>, <strong>wilgo\u0107<\/strong> i&nbsp;<strong>zabrudzenia<\/strong><\/span>. Dzi\u0119ki zaawansowanej technologii produkcji, posadzki winylowe imituj\u0105 r\u00f3\u017cnorodne materia\u0142y naturalne takie jak drewno, kamie\u0144 czy&nbsp;ceramika, oferuj\u0105c przy&nbsp;tym komfort u\u017cytkowania i&nbsp;\u0142atwo\u015b\u0107 monta\u017cu.<\/p>\t\t\t\t\t\t\t\t<\/div>\n\t\t\t\t<\/div>\n\t\t\t\t<section class=\"elementor-section elementor-inner-section elementor-element elementor-element-2860c80 elementor-section-boxed elementor-section-height-default elementor-section-height-default\" data-id=\"2860c80\" data-element_type=\"section\" data-e-type=\"section\">\n\t\t\t\t\t\t<div class=\"elementor-container elementor-column-gap-default\">\n\t\t\t\t\t<div class=\"elementor-column elementor-col-50 elementor-inner-column elementor-element elementor-element-b0a1112\" data-id=\"b0a1112\" data-element_type=\"column\" data-e-type=\"column\">\n\t\t\t<div class=\"elementor-widget-wrap elementor-element-populated\">\n\t\t\t\t\t\t<div class=\"elementor-element elementor-element-3af0b94 elementor-widget__width-auto elementor-widget elementor-widget-image\" data-id=\"3af0b94\" data-element_type=\"widget\" data-e-type=\"widget\" data-widget_type=\"image.default\">\n\t\t\t\t<div class=\"elementor-widget-container\">\n\t\t\t\t\t\t\t\t\t\t\t\t\t\t\t\t<a href=\"https:\/\/floorremake.pl\/index.php\/srodki\/#Cleaner\">\n\t\t\t\t\t\t\t<img decoding=\"async\" src=\"https:\/\/floorremake.pl\/wp-content\/uploads\/2023\/12\/Dr-Schutz-Pu-Cleaner-Srodek-do-Pielegnacji-0-75l.png?v=1710857079\" title=\"Dr-Schutz-Pu-Cleaner-Srodek-do-Pielegnacji-0-75l\" alt=\"Dr-Schutz-Pu-Cleaner-Srodek-do-Pielegnacji-0-75l\" class=\"elementor-animation-pulse-grow\" loading=\"lazy\" \/>\t\t\t\t\t\t\t\t<\/a>\n\t\t\t\t\t\t\t\t\t\t\t\t\t\t\t<\/div>\n\t\t\t\t<\/div>\n\t\t\t\t<div class=\"elementor-element elementor-element-b1b6ea7 elementor-button-info elementor-align-center e-transform e-transform elementor-widget-tablet__width-auto elementor-widget elementor-widget-button\" data-id=\"b1b6ea7\" data-element_type=\"widget\" data-e-type=\"widget\" data-settings=\"{&quot;_transform_translateX_effect_tablet&quot;:{&quot;unit&quot;:&quot;px&quot;,&quot;size&quot;:-10,&quot;sizes&quot;:[]},&quot;_transform_translateX_effect&quot;:{&quot;unit&quot;:&quot;px&quot;,&quot;size&quot;:&quot;&quot;,&quot;sizes&quot;:[]},&quot;_transform_translateX_effect_laptop&quot;:{&quot;unit&quot;:&quot;px&quot;,&quot;size&quot;:&quot;&quot;,&quot;sizes&quot;:[]},&quot;_transform_translateX_effect_mobile&quot;:{&quot;unit&quot;:&quot;px&quot;,&quot;size&quot;:&quot;&quot;,&quot;sizes&quot;:[]},&quot;_transform_translateY_effect&quot;:{&quot;unit&quot;:&quot;px&quot;,&quot;size&quot;:&quot;&quot;,&quot;sizes&quot;:[]},&quot;_transform_translateY_effect_laptop&quot;:{&quot;unit&quot;:&quot;px&quot;,&quot;size&quot;:&quot;&quot;,&quot;sizes&quot;:[]},&quot;_transform_translateY_effect_tablet&quot;:{&quot;unit&quot;:&quot;px&quot;,&quot;size&quot;:&quot;&quot;,&quot;sizes&quot;:[]},&quot;_transform_translateY_effect_mobile&quot;:{&quot;unit&quot;:&quot;px&quot;,&quot;size&quot;:&quot;&quot;,&quot;sizes&quot;:[]},&quot;_transform_scale_effect&quot;:{&quot;unit&quot;:&quot;px&quot;,&quot;size&quot;:&quot;&quot;,&quot;sizes&quot;:[]},&quot;_transform_scale_effect_laptop&quot;:{&quot;unit&quot;:&quot;px&quot;,&quot;size&quot;:&quot;&quot;,&quot;sizes&quot;:[]},&quot;_transform_scale_effect_tablet&quot;:{&quot;unit&quot;:&quot;px&quot;,&quot;size&quot;:&quot;&quot;,&quot;sizes&quot;:[]},&quot;_transform_scale_effect_mobile&quot;:{&quot;unit&quot;:&quot;px&quot;,&quot;size&quot;:&quot;&quot;,&quot;sizes&quot;:[]}}\" data-widget_type=\"button.default\">\n\t\t\t\t<div class=\"elementor-widget-container\">\n\t\t\t\t\t\t\t\t\t<div class=\"elementor-button-wrapper\">\n\t\t\t\t\t<a class=\"elementor-button elementor-button-link elementor-size-sm elementor-animation-grow\" href=\"https:\/\/floorremake.pl\/index.php\/srodki\/#Cleaner\">\n\t\t\t\t\t\t<span class=\"elementor-button-content-wrapper\">\n\t\t\t\t\t\t\t\t\t<span class=\"elementor-button-text\">PU Cleaner&nbsp;\u2013 preparat do&nbsp;codziennej piel\u0119gnacji<\/span>\n\t\t\t\t\t<\/span>\n\t\t\t\t\t<\/a>\n\t\t\t\t<\/div>\n\t\t\t\t\t\t\t\t<\/div>\n\t\t\t\t<\/div>\n\t\t\t\t\t<\/div>\n\t\t<\/div>\n\t\t\t\t<div class=\"elementor-column elementor-col-50 elementor-inner-column elementor-element elementor-element-598d31c\" data-id=\"598d31c\" data-element_type=\"column\" data-e-type=\"column\">\n\t\t\t<div class=\"elementor-widget-wrap elementor-element-populated\">\n\t\t\t\t\t\t<div class=\"elementor-element elementor-element-993fe02 elementor-widget__width-auto elementor-widget elementor-widget-image\" data-id=\"993fe02\" data-element_type=\"widget\" data-e-type=\"widget\" data-widget_type=\"image.default\">\n\t\t\t\t<div class=\"elementor-widget-container\">\n\t\t\t\t\t\t\t\t\t\t\t\t\t\t\t\t<a href=\"https:\/\/floorremake.pl\/index.php\/srodki\/#R%20280\">\n\t\t\t\t\t\t\t<img decoding=\"async\" src=\"https:\/\/floorremake.pl\/wp-content\/uploads\/2023\/12\/DrSchutz-preparat-do-czyszczenia-zasadniczego-R280.png?v=1710857081\" title=\"DrSchutz preparat do&nbsp;czyszczenia zasadniczego R280\" alt=\"DrSchutz preparat do&nbsp;czyszczenia zasadniczego R280\" class=\"elementor-animation-pulse-grow\" loading=\"lazy\" \/>\t\t\t\t\t\t\t\t<\/a>\n\t\t\t\t\t\t\t\t\t\t\t\t\t\t\t<\/div>\n\t\t\t\t<\/div>\n\t\t\t\t<div class=\"elementor-element elementor-element-74491d6 elementor-button-info elementor-align-center e-transform e-transform elementor-widget-tablet__width-auto elementor-widget elementor-widget-button\" data-id=\"74491d6\" data-element_type=\"widget\" data-e-type=\"widget\" data-settings=\"{&quot;_transform_translateX_effect_tablet&quot;:{&quot;unit&quot;:&quot;px&quot;,&quot;size&quot;:-10,&quot;sizes&quot;:[]},&quot;_transform_translateX_effect&quot;:{&quot;unit&quot;:&quot;px&quot;,&quot;size&quot;:&quot;&quot;,&quot;sizes&quot;:[]},&quot;_transform_translateX_effect_laptop&quot;:{&quot;unit&quot;:&quot;px&quot;,&quot;size&quot;:&quot;&quot;,&quot;sizes&quot;:[]},&quot;_transform_translateX_effect_mobile&quot;:{&quot;unit&quot;:&quot;px&quot;,&quot;size&quot;:&quot;&quot;,&quot;sizes&quot;:[]},&quot;_transform_translateY_effect&quot;:{&quot;unit&quot;:&quot;px&quot;,&quot;size&quot;:&quot;&quot;,&quot;sizes&quot;:[]},&quot;_transform_translateY_effect_laptop&quot;:{&quot;unit&quot;:&quot;px&quot;,&quot;size&quot;:&quot;&quot;,&quot;sizes&quot;:[]},&quot;_transform_translateY_effect_tablet&quot;:{&quot;unit&quot;:&quot;px&quot;,&quot;size&quot;:&quot;&quot;,&quot;sizes&quot;:[]},&quot;_transform_translateY_effect_mobile&quot;:{&quot;unit&quot;:&quot;px&quot;,&quot;size&quot;:&quot;&quot;,&quot;sizes&quot;:[]},&quot;_transform_scale_effect&quot;:{&quot;unit&quot;:&quot;px&quot;,&quot;size&quot;:&quot;&quot;,&quot;sizes&quot;:[]},&quot;_transform_scale_effect_laptop&quot;:{&quot;unit&quot;:&quot;px&quot;,&quot;size&quot;:&quot;&quot;,&quot;sizes&quot;:[]},&quot;_transform_scale_effect_tablet&quot;:{&quot;unit&quot;:&quot;px&quot;,&quot;size&quot;:&quot;&quot;,&quot;sizes&quot;:[]},&quot;_transform_scale_effect_mobile&quot;:{&quot;unit&quot;:&quot;px&quot;,&quot;size&quot;:&quot;&quot;,&quot;sizes&quot;:[]}}\" data-widget_type=\"button.default\">\n\t\t\t\t<div class=\"elementor-widget-container\">\n\t\t\t\t\t\t\t\t\t<div class=\"elementor-button-wrapper\">\n\t\t\t\t\t<a class=\"elementor-button elementor-button-link elementor-size-sm elementor-animation-grow\" href=\"https:\/\/floorremake.pl\/index.php\/srodki\/#R%20280\">\n\t\t\t\t\t\t<span class=\"elementor-button-content-wrapper\">\n\t\t\t\t\t\t\t\t\t<span class=\"elementor-button-text\">R 280 - praparat do&nbsp;czyszczenia zasadniczego <\/span>\n\t\t\t\t\t<\/span>\n\t\t\t\t\t<\/a>\n\t\t\t\t<\/div>\n\t\t\t\t\t\t\t\t<\/div>\n\t\t\t\t<\/div>\n\t\t\t\t\t<\/div>\n\t\t<\/div>\n\t\t\t\t\t<\/div>\n\t\t<\/section>\n\t\t\t\t<div class=\"elementor-element elementor-element-0637ce3 elementor-widget elementor-widget-heading\" data-id=\"0637ce3\" data-element_type=\"widget\" data-e-type=\"widget\" data-widget_type=\"heading.default\">\n\t\t\t\t<div class=\"elementor-widget-container\">\n\t\t\t\t\t<h2 class=\"elementor-heading-title elementor-size-default\">Renowacja i&nbsp;konserwacja posadzek winylowych<\/h2>\t\t\t\t<\/div>\n\t\t\t\t<\/div>\n\t\t\t\t<div class=\"elementor-element elementor-element-0cc8f85 elementor-widget elementor-widget-text-editor\" data-id=\"0cc8f85\" data-element_type=\"widget\" data-e-type=\"widget\" data-widget_type=\"text-editor.default\">\n\t\t\t\t<div class=\"elementor-widget-container\">\n\t\t\t\t\t\t\t\t\t<p>Oferujemy kompleksowe us\u0142ugi konserwacji i&nbsp;renowacji posadzek winylowych, kt\u00f3re przywr\u00f3c\u0105 ich pierwotny wygl\u0105d i&nbsp;ochroni\u0105 przed przysz\u0142ymi uszkodzeniami. Nasz proces renowacji obejmuje:<\/p>\t\t\t\t\t\t\t\t<\/div>\n\t\t\t\t<\/div>\n\t\t\t\t<div class=\"elementor-element elementor-element-fb78927 elementor-widget elementor-widget-text-editor\" data-id=\"fb78927\" data-element_type=\"widget\" data-e-type=\"widget\" data-widget_type=\"text-editor.default\">\n\t\t\t\t<div class=\"elementor-widget-container\">\n\t\t\t\t\t\t\t\t\t<p><strong>\u2022\u00a0 \u00a0<\/strong><span style=\"color: #008000;\"><strong>Ocena stanu posadzki:<\/strong><\/span> profesjonalna diagnoza pozwala okre\u015bli\u0107 zakres potrzebnych prac.<\/p><p><strong>\u2022\u00a0 \u00a0<span style=\"color: #008000;\">Reparacje:<\/span><\/strong> naprawiamy wszelkie uszkodzenia, takie jak p\u0119kni\u0119cia czy&nbsp;zarysowania, aby&nbsp;przywr\u00f3ci\u0107 r\u00f3wnomierno\u015b\u0107 i&nbsp;estetyk\u0119 posadzki.<\/p><p><strong>\u2022\u00a0 \u00a0<span style=\"color: #008000;\">G\u0142\u0119bokie czyszczenie:<\/span><\/strong> usuwamy zabrudzenia i&nbsp;przygotowujemy powierzchni\u0119 do&nbsp;dalszych zabieg\u00f3w.<\/p><p><strong>\u2022\u00a0 \u00a0<span style=\"color: #008000;\">Aplikacja ochronnych pow\u0142ok:<\/span><\/strong> zastosowanie specjalnych \u015brodk\u00f3w ochronnych pomaga zabezpieczy\u0107 posadzk\u0119 przed plamami, zarysowaniami i&nbsp;innymi codziennymi uszkodzeniami.<\/p><p><strong>\u2022\u00a0 \u00a0<span style=\"color: #008000;\">Personalizacja wygl\u0105du:<\/span><\/strong> dostosowujemy wygl\u0105d posadzki do&nbsp;indywidualnych potrzeb i&nbsp;preferencji klienta, oferuj\u0105c szerok\u0105 gam\u0119 wzor\u00f3w i&nbsp;kolor\u00f3w oraz&nbsp;optyki nawierzchni.<\/p>\t\t\t\t\t\t\t\t<\/div>\n\t\t\t\t<\/div>\n\t\t\t\t<div class=\"elementor-element elementor-element-377a805 elementor-widget elementor-widget-heading\" data-id=\"377a805\" data-element_type=\"widget\" data-e-type=\"widget\" data-widget_type=\"heading.default\">\n\t\t\t\t<div class=\"elementor-widget-container\">\n\t\t\t\t\t<h2 class=\"elementor-heading-title elementor-size-default\">Dlaczego wybra\u0107 nasze posadzki winylowe?<\/h2>\t\t\t\t<\/div>\n\t\t\t\t<\/div>\n\t\t\t\t<div class=\"elementor-element elementor-element-f7857de elementor-widget elementor-widget-text-editor\" data-id=\"f7857de\" data-element_type=\"widget\" data-e-type=\"widget\" data-widget_type=\"text-editor.default\">\n\t\t\t\t<div class=\"elementor-widget-container\">\n\t\t\t\t\t\t\t\t\t<p><strong>\u2022\u00a0 \u00a0<\/strong><span style=\"color: #008000;\"><strong>Oszcz\u0119dno\u015b\u0107 koszt\u00f3w:<\/strong><\/span> renowacja posadzki jest zdecydowanie ta\u0144sza ni\u017c jej pe\u0142na wymiana. Jest to r\u00f3wnie\u017c rozwi\u0105zanie ekologiczne, kt\u00f3re redukuje ilo\u015b\u0107 odpad\u00f3w.<\/p><p><strong>\u2022\u00a0 \u00a0<span style=\"color: #008000;\">Oszcz\u0119dno\u015b\u0107 czasu:<\/span><\/strong> proces renowacji jest szybki i&nbsp;efektywny, co minimalizuje przerwy w&nbsp;u\u017cytkowaniu pomieszcze\u0144, co jest kluczowe w&nbsp;przestrzeniach komercyjnych.<\/p><p><strong>\u2022\u00a0 \u00a0<span style=\"color: #008000;\">Ekologia:<\/span><\/strong> oferujemy rozwi\u0105zania przyjazne dla&nbsp;\u015brodowiska, kt\u00f3re zmniejszaj\u0105 wp\u0142yw na&nbsp;planet\u0119.<\/p><p><strong>\u2022\u00a0 \u00a0<span style=\"color: #008000;\">Estetyka i&nbsp;funkcjonalno\u015b\u0107:<\/span><\/strong> nasze posadzki nie tylko pi\u0119knie wygl\u0105daj\u0105, ale&nbsp;s\u0105 r\u00f3wnie\u017c wyj\u0105tkowo trwa\u0142e i&nbsp;\u0142atwe w&nbsp;utrzymaniu.<\/p><p><strong>\u2022\u00a0 \u00a0<span style=\"color: #008000;\">Gwarancja jako\u015bci:<\/span><\/strong> dajemy gwarancj\u0119 na&nbsp;wszystkie wykonane prace, co \u015bwiadczy o&nbsp;ich najwy\u017cszej jako\u015bci.<\/p>\t\t\t\t\t\t\t\t<\/div>\n\t\t\t\t<\/div>\n\t\t\t\t<div class=\"elementor-element elementor-element-4927ff0 elementor-widget elementor-widget-text-editor\" data-id=\"4927ff0\" data-element_type=\"widget\" data-e-type=\"widget\" data-widget_type=\"text-editor.default\">\n\t\t\t\t<div class=\"elementor-widget-container\">\n\t\t\t\t\t\t\t\t\t<p>\u00a0 \u00a0 \u00a0Wybieraj\u0105c nasze posadzki winylowe, zyskujesz nie tylko estetycznie atrakcyjne, ale&nbsp;i&nbsp;niezawodne rozwi\u0105zanie do&nbsp;ka\u017cdego typu wn\u0119trza. Zapewniamy profesjonaln\u0105 obs\u0142ug\u0119 na&nbsp;ka\u017cdym etapie \u2013 od wyboru idealnego wzoru, przez&nbsp;profesjonalny monta\u017c, a\u017c po&nbsp;p\u00f3\u017aniejsz\u0105 konserwacj\u0119 i&nbsp;renowacj\u0119.<\/p><p>\u00a0 \u00a0 \u00a0Zapraszamy do&nbsp;skorzystania z&nbsp;naszych us\u0142ug i&nbsp;produkt\u00f3w, aby&nbsp;twoje posadzki winylowe wygl\u0105da\u0142y jak nowe przez&nbsp;wiele lat. <span style=\"color: #008000;\"><strong>Wybierz Floor Remake<\/strong><\/span> \u2013 ekspert\u00f3w w&nbsp;renowacji i&nbsp;zabezpieczaniu posadzek winylowych.<\/p>\t\t\t\t\t\t\t\t<\/div>\n\t\t\t\t<\/div>\n\t\t\t\t\t<\/div>\n\t\t<\/div>\n\t\t\t\t<div class=\"elementor-column elementor-col-50 elementor-top-column elementor-element elementor-element-ae7bddb\" data-id=\"ae7bddb\" data-element_type=\"column\" data-e-type=\"column\">\n\t\t\t<div class=\"elementor-widget-wrap elementor-element-populated\">\n\t\t\t\t\t\t<div class=\"elementor-element elementor-element-de1a9a7 elementor-widget elementor-widget-image\" data-id=\"de1a9a7\" data-element_type=\"widget\" data-e-type=\"widget\" data-widget_type=\"image.default\">\n\t\t\t\t<div class=\"elementor-widget-container\">\n\t\t\t\t\t\t\t\t\t\t\t\t\t\t\t<img fetchpriority=\"high\" decoding=\"async\" width=\"750\" height=\"750\" src=\"https:\/\/floorremake.pl\/wp-content\/uploads\/2024\/08\/Posadzki-Winylowe.png\" class=\"attachment-large size-large wp-image-103551\" alt=\"Posadzki Winylowe\" srcset=\"https:\/\/floorremake.pl\/wp-content\/uploads\/2024\/08\/Posadzki-Winylowe.png 800w, https:\/\/floorremake.pl\/wp-content\/uploads\/2024\/08\/Posadzki-Winylowe-300x300.png 300w, https:\/\/floorremake.pl\/wp-content\/uploads\/2024\/08\/Posadzki-Winylowe-150x150.png 150w, https:\/\/floorremake.pl\/wp-content\/uploads\/2024\/08\/Posadzki-Winylowe-768x768.png 768w, https:\/\/floorremake.pl\/wp-content\/uploads\/2024\/08\/Posadzki-Winylowe-700x700.png 700w\" sizes=\"(max-width: 750px) 100vw, 750px\" style=\"width:100%;height:100%;max-width:800px\" \/>\t\t\t\t\t\t\t\t\t\t\t\t\t\t\t<\/div>\n\t\t\t\t<\/div>\n\t\t\t\t<div class=\"elementor-element elementor-element-7998d13 elementor-widget elementor-widget-image\" data-id=\"7998d13\" data-element_type=\"widget\" data-e-type=\"widget\" data-widget_type=\"image.default\">\n\t\t\t\t<div class=\"elementor-widget-container\">\n\t\t\t\t\t\t\t\t\t\t\t\t\t\t\t<img decoding=\"async\" width=\"750\" height=\"500\" src=\"https:\/\/floorremake.pl\/wp-content\/uploads\/2024\/08\/Posadzki-Winylowe-10.jpg\" class=\"attachment-large size-large wp-image-103557\" alt=\"Posadzki Winylowe\" srcset=\"https:\/\/floorremake.pl\/wp-content\/uploads\/2024\/08\/Posadzki-Winylowe-10.jpg 1020w, https:\/\/floorremake.pl\/wp-content\/uploads\/2024\/08\/Posadzki-Winylowe-10-300x200.jpg 300w, https:\/\/floorremake.pl\/wp-content\/uploads\/2024\/08\/Posadzki-Winylowe-10-768x512.jpg 768w\" sizes=\"(max-width: 750px) 100vw, 750px\" style=\"width:100%;height:66.67%;max-width:1020px\" \/>\t\t\t\t\t\t\t\t\t\t\t\t\t\t\t<\/div>\n\t\t\t\t<\/div>\n\t\t\t\t<div class=\"elementor-element elementor-element-395f57a elementor-widget elementor-widget-image\" data-id=\"395f57a\" data-element_type=\"widget\" data-e-type=\"widget\" data-widget_type=\"image.default\">\n\t\t\t\t<div class=\"elementor-widget-container\">\n\t\t\t\t\t\t\t\t\t\t\t\t\t\t\t<img decoding=\"async\" width=\"528\" height=\"528\" src=\"https:\/\/floorremake.pl\/wp-content\/uploads\/2024\/08\/Posadzki-Winylowe-8.jpg\" class=\"attachment-large size-large wp-image-103556\" alt=\"Posadzki Winylowe\" srcset=\"https:\/\/floorremake.pl\/wp-content\/uploads\/2024\/08\/Posadzki-Winylowe-8.jpg 528w, https:\/\/floorremake.pl\/wp-content\/uploads\/2024\/08\/Posadzki-Winylowe-8-300x300.jpg 300w, https:\/\/floorremake.pl\/wp-content\/uploads\/2024\/08\/Posadzki-Winylowe-8-150x150.jpg 150w\" sizes=\"(max-width: 528px) 100vw, 528px\" style=\"width:100%;height:100%;max-width:528px\" \/>\t\t\t\t\t\t\t\t\t\t\t\t\t\t\t<\/div>\n\t\t\t\t<\/div>\n\t\t\t\t<div class=\"elementor-element elementor-element-b65c0ca elementor-widget elementor-widget-image\" data-id=\"b65c0ca\" data-element_type=\"widget\" data-e-type=\"widget\" data-widget_type=\"image.default\">\n\t\t\t\t<div class=\"elementor-widget-container\">\n\t\t\t\t\t\t\t\t\t\t\t\t\t\t\t<img loading=\"lazy\" decoding=\"async\" width=\"683\" height=\"1024\" src=\"https:\/\/floorremake.pl\/wp-content\/uploads\/2024\/08\/Posadzki-Winylowe-7-683x1024.jpg\" class=\"attachment-large size-large wp-image-103555\" alt=\"Posadzki Winylowe\" srcset=\"https:\/\/floorremake.pl\/wp-content\/uploads\/2024\/08\/Posadzki-Winylowe-7-683x1024.jpg 683w, https:\/\/floorremake.pl\/wp-content\/uploads\/2024\/08\/Posadzki-Winylowe-7-200x300.jpg 200w, https:\/\/floorremake.pl\/wp-content\/uploads\/2024\/08\/Posadzki-Winylowe-7.jpg 720w\" sizes=\"(max-width: 683px) 100vw, 683px\" style=\"width:100%;height:150%;max-width:720px\" \/>\t\t\t\t\t\t\t\t\t\t\t\t\t\t\t<\/div>\n\t\t\t\t<\/div>\n\t\t\t\t\t<\/div>\n\t\t<\/div>\n\t\t\t\t\t<\/div>\n\t\t<\/section>\n\t\t\t\t<section class=\"elementor-section elementor-top-section elementor-element elementor-element-06e0e52 elementor-section-boxed elementor-section-height-default elementor-section-height-default\" data-id=\"06e0e52\" data-element_type=\"section\" data-e-type=\"section\">\n\t\t\t\t\t\t<div class=\"elementor-container elementor-column-gap-default\">\n\t\t\t\t\t<div class=\"elementor-column elementor-col-100 elementor-top-column elementor-element elementor-element-707cb04\" data-id=\"707cb04\" data-element_type=\"column\" data-e-type=\"column\">\n\t\t\t<div class=\"elementor-widget-wrap elementor-element-populated\">\n\t\t\t\t\t\t<div class=\"elementor-element elementor-element-11497fa elementor-widget elementor-widget-spacer\" data-id=\"11497fa\" data-element_type=\"widget\" data-e-type=\"widget\" data-widget_type=\"spacer.default\">\n\t\t\t\t<div class=\"elementor-widget-container\">\n\t\t\t\t\t\t\t<div class=\"elementor-spacer\">\n\t\t\t<div class=\"elementor-spacer-inner\"><\/div>\n\t\t<\/div>\n\t\t\t\t\t\t<\/div>\n\t\t\t\t<\/div>\n\t\t\t\t\t<\/div>\n\t\t<\/div>\n\t\t\t\t\t<\/div>\n\t\t<\/section>\n\t\t\t\t<\/div>\n\t\t","protected":false},"excerpt":{"rendered":"<p>Posadzki Winylowe \u2013 Nowoczesne rozwi\u0105zanie dla&nbsp;ka\u017cdego wn\u0119trza &nbsp; &nbsp; &nbsp;Posadzki winylowe to idealna opcja dla&nbsp;tych, kt\u00f3rzy ceni\u0105 sobie trwa\u0142o\u015b\u0107, estetyk\u0119 oraz&nbsp;\u0142atwo\u015b\u0107 w&nbsp;utrzymaniu. Wykonane s\u0105 z&nbsp;wysokiej jako\u015bci winylu, kt\u00f3ry zapewnia wyj\u0105tkow\u0105 odporno\u015b\u0107 na&nbsp;\u015bcieranie, wilgo\u0107 i&nbsp;zabrudzenia. Dzi\u0119ki zaawansowanej technologii produkcji, posadzki winylowe imituj\u0105 r\u00f3\u017cnorodne materia\u0142y naturalne takie jak drewno, kamie\u0144 czy&nbsp;ceramika, oferuj\u0105c przy&nbsp;tym komfort u\u017cytkowania i&nbsp;\u0142atwo\u015b\u0107 monta\u017cu.&hellip; <a class=\"more-link\" href=\"https:\/\/floorremake.pl\/index.php\/posadzki-winylowe\/\">Czytaj dalej <span class=\"screen-reader-text\">Posadzki Winylowe \u2013 Nowoczesne rozwi\u0105zanie dla ka\u017cdego wn\u0119trza<\/span><\/a><\/p>\n","protected":false},"author":1,"featured_media":103551,"parent":0,"menu_order":0,"comment_status":"closed","ping_status":"closed","template":"elementor_header_footer","meta":{"_eb_attr":"","footnotes":""},"class_list":["post-103550","page","type-page","status-publish","has-post-thumbnail","hentry","entry"],"_links":{"self":[{"href":"https:\/\/floorremake.pl\/index.php\/wp-json\/wp\/v2\/pages\/103550","targetHints":{"allow":["GET"]}}],"collection":[{"href":"https:\/\/floorremake.pl\/index.php\/wp-json\/wp\/v2\/pages"}],"about":[{"href":"https:\/\/floorremake.pl\/index.php\/wp-json\/wp\/v2\/types\/page"}],"author":[{"embeddable":true,"href":"https:\/\/floorremake.pl\/index.php\/wp-json\/wp\/v2\/users\/1"}],"replies":[{"embeddable":true,"href":"https:\/\/floorremake.pl\/index.php\/wp-json\/wp\/v2\/comments?post=103550"}],"version-history":[{"count":16,"href":"https:\/\/floorremake.pl\/index.php\/wp-json\/wp\/v2\/pages\/103550\/revisions"}],"predecessor-version":[{"id":104032,"href":"https:\/\/floorremake.pl\/index.php\/wp-json\/wp\/v2\/pages\/103550\/revisions\/104032"}],"wp:featuredmedia":[{"embeddable":true,"href":"https:\/\/floorremake.pl\/index.php\/wp-json\/wp\/v2\/media\/103551"}],"wp:attachment":[{"href":"https:\/\/floorremake.pl\/index.php\/wp-json\/wp\/v2\/media?parent=103550"}],"curies":[{"name":"wp","href":"https:\/\/api.w.org\/{rel}","templated":true}]}}