{"id":103059,"date":"2024-07-12T09:39:28","date_gmt":"2024-07-12T07:39:28","guid":{"rendered":"https:\/\/floorremake.pl\/?page_id=103059"},"modified":"2025-01-09T11:11:48","modified_gmt":"2025-01-09T10:11:48","slug":"galeria","status":"publish","type":"page","link":"https:\/\/floorremake.pl\/index.php\/galeria\/","title":{"rendered":"Galeria"},"content":{"rendered":"\t\t<div data-elementor-type=\"wp-page\" data-elementor-id=\"103059\" class=\"elementor elementor-103059\" data-elementor-post-type=\"page\">\n\t\t\t\t\t\t<section class=\"elementor-section elementor-top-section elementor-element elementor-element-fc71976 elementor-section-full_width elementor-section-height-default elementor-section-height-default\" data-id=\"fc71976\" data-element_type=\"section\" data-e-type=\"section\">\n\t\t\t\t\t\t<div class=\"elementor-container elementor-column-gap-default\">\n\t\t\t\t\t<div class=\"elementor-column elementor-col-100 elementor-top-column elementor-element elementor-element-c825b34\" data-id=\"c825b34\" data-element_type=\"column\" data-e-type=\"column\" data-settings=\"{&quot;background_background&quot;:&quot;gradient&quot;}\">\n\t\t\t<div class=\"elementor-widget-wrap elementor-element-populated\">\n\t\t\t\t\t\t<div class=\"elementor-element elementor-element-e1d9a13 elementor-widget-divider--view-line_text elementor-widget-divider--element-align-center elementor-widget elementor-widget-divider\" data-id=\"e1d9a13\" data-element_type=\"widget\" data-e-type=\"widget\" data-widget_type=\"divider.default\">\n\t\t\t\t<div class=\"elementor-widget-container\">\n\t\t\t\t\t\t\t<div class=\"elementor-divider\">\n\t\t\t<span class=\"elementor-divider-separator\">\n\t\t\t\t\t\t\t<span class=\"elementor-divider__text elementor-divider__element\">\n\t\t\t\tPrzyk\u0142ady wykorzystania starych posadzek do&nbsp;stworzenia nowych atrakcyjnych nawierzchni, bez ich wymiany. \t\t\t\t<\/span>\n\t\t\t\t\t\t<\/span>\n\t\t<\/div>\n\t\t\t\t\t\t<\/div>\n\t\t\t\t<\/div>\n\t\t\t\t\t<\/div>\n\t\t<\/div>\n\t\t\t\t\t<\/div>\n\t\t<\/section>\n\t\t\t\t<section class=\"elementor-section elementor-top-section elementor-element elementor-element-ae26fea elementor-section-boxed elementor-section-height-default elementor-section-height-default\" data-id=\"ae26fea\" data-element_type=\"section\" data-e-type=\"section\" data-settings=\"{&quot;background_background&quot;:&quot;gradient&quot;}\">\n\t\t\t\t\t\t<div class=\"elementor-container elementor-column-gap-default\">\n\t\t\t\t\t<div class=\"elementor-column elementor-col-100 elementor-top-column elementor-element elementor-element-66ef528\" data-id=\"66ef528\" data-element_type=\"column\" data-e-type=\"column\">\n\t\t\t<div class=\"elementor-widget-wrap elementor-element-populated\">\n\t\t\t\t\t\t<div class=\"elementor-element elementor-element-5c879e7 elementor-widget elementor-widget-heading\" data-id=\"5c879e7\" data-element_type=\"widget\" data-e-type=\"widget\" data-widget_type=\"heading.default\">\n\t\t\t\t<div class=\"elementor-widget-container\">\n\t\t\t\t\t<h1 class=\"elementor-heading-title elementor-size-default\">Zobacz galeri\u0119 skuteczno\u015bci projekt\u00f3w Floor Remake: renowacji, naprawy, konserwacji,  serwisowania<\/h1>\t\t\t\t<\/div>\n\t\t\t\t<\/div>\n\t\t\t\t\t<\/div>\n\t\t<\/div>\n\t\t\t\t\t<\/div>\n\t\t<\/section>\n\t\t\t\t<section class=\"elementor-section elementor-top-section elementor-element elementor-element-c6a2b4b elementor-section-boxed elementor-section-height-default elementor-section-height-default\" data-id=\"c6a2b4b\" data-element_type=\"section\" data-e-type=\"section\" data-settings=\"{&quot;background_background&quot;:&quot;gradient&quot;}\">\n\t\t\t\t\t\t<div class=\"elementor-container elementor-column-gap-no\">\n\t\t\t\t\t<div class=\"elementor-column elementor-col-50 elementor-top-column elementor-element elementor-element-fba22a8\" data-id=\"fba22a8\" data-element_type=\"column\" data-e-type=\"column\">\n\t\t\t<div class=\"elementor-widget-wrap\">\n\t\t\t\t\t\t\t<\/div>\n\t\t<\/div>\n\t\t\t\t<div class=\"elementor-column elementor-col-50 elementor-top-column elementor-element elementor-element-78dc062\" data-id=\"78dc062\" data-element_type=\"column\" data-e-type=\"column\">\n\t\t\t<div class=\"elementor-widget-wrap\">\n\t\t\t\t\t\t\t<\/div>\n\t\t<\/div>\n\t\t\t\t\t<\/div>\n\t\t<\/section>\n\t\t\t\t<section class=\"elementor-section elementor-top-section elementor-element elementor-element-b7f3876 elementor-section-full_width elementor-section-height-default elementor-section-height-default\" data-id=\"b7f3876\" data-element_type=\"section\" data-e-type=\"section\" data-settings=\"{&quot;background_background&quot;:&quot;gradient&quot;}\">\n\t\t\t\t\t\t<div class=\"elementor-container elementor-column-gap-default\">\n\t\t\t\t\t<div class=\"elementor-column elementor-col-100 elementor-top-column elementor-element elementor-element-feab8a3\" data-id=\"feab8a3\" data-element_type=\"column\" data-e-type=\"column\" data-settings=\"{&quot;background_background&quot;:&quot;gradient&quot;}\">\n\t\t\t<div class=\"elementor-widget-wrap elementor-element-populated\">\n\t\t\t\t\t\t<div class=\"elementor-element elementor-element-8a2508b elementor-widget-divider--view-line elementor-widget elementor-widget-divider\" data-id=\"8a2508b\" data-element_type=\"widget\" data-e-type=\"widget\" data-widget_type=\"divider.default\">\n\t\t\t\t<div class=\"elementor-widget-container\">\n\t\t\t\t\t\t\t<div class=\"elementor-divider\">\n\t\t\t<span class=\"elementor-divider-separator\">\n\t\t\t\t\t\t<\/span>\n\t\t<\/div>\n\t\t\t\t\t\t<\/div>\n\t\t\t\t<\/div>\n\t\t\t\t\t<\/div>\n\t\t<\/div>\n\t\t\t\t\t<\/div>\n\t\t<\/section>\n\t\t\t\t<\/div>\n\t\t","protected":false},"excerpt":{"rendered":"<p>Przyk\u0142ady wykorzystania starych posadzek do&nbsp;stworzenia nowych atrakcyjnych nawierzchni, bez ich wymiany. Zobacz galeri\u0119 skuteczno\u015bci projekt\u00f3w Floor Remake: renowacji, naprawy, konserwacji, serwisowania Projekt K\u0119pno Projekt K\u0119pno Projekt K\u0119pno Projekt K\u0119pno OSP Lubo\u0144 OSP Lubo\u0144 OSP Lubo\u0144 OSP Lubo\u0144 Salon zegark\u00f3w Dobrza\u0144ski Salon zegark\u00f3w Dobrza\u0144ski Salon zegark\u00f3w Dobrza\u0144ski Salon zegark\u00f3w Dobrza\u0144ski Drukarnia Marceli w&nbsp;Warszawie Drukarnia Marceli w&nbsp;Warszawie&hellip; <a class=\"more-link\" href=\"https:\/\/floorremake.pl\/index.php\/galeria\/\">Czytaj dalej <span class=\"screen-reader-text\">Galeria<\/span><\/a><\/p>\n","protected":false},"author":1,"featured_media":0,"parent":0,"menu_order":0,"comment_status":"closed","ping_status":"closed","template":"elementor_header_footer","meta":{"_eb_attr":"","footnotes":""},"class_list":["post-103059","page","type-page","status-publish","hentry","entry"],"_links":{"self":[{"href":"https:\/\/floorremake.pl\/index.php\/wp-json\/wp\/v2\/pages\/103059","targetHints":{"allow":["GET"]}}],"collection":[{"href":"https:\/\/floorremake.pl\/index.php\/wp-json\/wp\/v2\/pages"}],"about":[{"href":"https:\/\/floorremake.pl\/index.php\/wp-json\/wp\/v2\/types\/page"}],"author":[{"embeddable":true,"href":"https:\/\/floorremake.pl\/index.php\/wp-json\/wp\/v2\/users\/1"}],"replies":[{"embeddable":true,"href":"https:\/\/floorremake.pl\/index.php\/wp-json\/wp\/v2\/comments?post=103059"}],"version-history":[{"count":142,"href":"https:\/\/floorremake.pl\/index.php\/wp-json\/wp\/v2\/pages\/103059\/revisions"}],"predecessor-version":[{"id":104855,"href":"https:\/\/floorremake.pl\/index.php\/wp-json\/wp\/v2\/pages\/103059\/revisions\/104855"}],"wp:attachment":[{"href":"https:\/\/floorremake.pl\/index.php\/wp-json\/wp\/v2\/media?parent=103059"}],"curies":[{"name":"wp","href":"https:\/\/api.w.org\/{rel}","templated":true}]}}